{"id":1451,"date":"2023-06-09T12:03:20","date_gmt":"2023-06-09T12:03:20","guid":{"rendered":"https:\/\/www.capax.hr\/?page_id=1451"},"modified":"2024-01-18T10:02:10","modified_gmt":"2024-01-18T10:02:10","slug":"occupational-health-safety-policy","status":"publish","type":"page","link":"https:\/\/www.capax.hr\/hr\/occupational-health-safety-policy\/","title":{"rendered":"Politika za\u0161tite zdravlja i sigurnosti"},"content":{"rendered":"<h5><strong>POLITIKA ZA\u0160TITE ZDRAVLJA I SIGURNOSTI  CAPAX d.o.o.<\/strong><\/h5>\n<p>Usmjerenost na potrebe kupca i zadovoljstvo kupca izvr\u0161enim poslom su najva\u017enije vrijednosti prema kojima CAPAX d.o.o. mjeri i odre\u0111uje svoju ukupnu uspje\u0161nost.<\/p>\n<p>Uprava nagla\u0161ava da je uspje\u0161na realizacija sigurnosti i za\u0161tite zdravlja na plovnim objektima i radioni\u010dkim prostorima visoko vrijedan doprinos poslovnim rezultatima i ugledu tvrtke.<\/p>\n<p>Zahtjevi za sigurnost i za\u0161titu zdravlja su prisutne u svim aktivnostima i dnevnim zadacima. Svatko osobno preuzima odgovornost za svoju sigurnost a uprava \u0107e djelovati proaktivno i preventivno sa ciljem eliminiranja i zamijene na\u010dina rada koji u sebi nosi preveliki rizik.<\/p>\n<p>Uprava CAPAX je oprijedjeljena da:<\/p>\n<p>&#8211; apply a proactive approach to health and safety protection,<\/p>\n<p>&#8211; use the requirements of ISO 45001 as tools for constant improvement,<\/p>\n<p>&#8211; manage security and health risks and all their effects,<\/p>\n<p>&#8211; set health and safety protection policy as a permanent framework to establish and revise goals.<\/p>\n<p>&nbsp;<\/p>\n<p>Uprava je spremna biti u suglasnosti sa zakonskim i ostalim zahtjevima kako bi se rizici eliminirali, u\u010dinkovito nadzirali i svi rizi\u010dni u\u010dinci smanjili. Zakonske i ostale zahtjeve smatramo kao osnovnu pomo\u0107 u na\u0161oj politici pove\u0107anja sigurnosti.<\/p>\n<p>Na\u0161u spremnost za rad na siguran na\u010din planiramo na svakom ugovorenom plovnom objektu i na\u0161im radionicama a preispitat \u0107emo je sa drugim zainteresiranim stranama kada se na\u0111emo na zajedni\u010dkom objektu. Na\u0161a sigurnost mora biti zajedni\u010dka sigurnost.<\/p>\n<p>Uprava stalno radi na posebnim mjerama za\u0161tite na radu i ne\u0107e nikoga ostaviti uskra\u0107enog o znanjima iz sigurnosti i za\u0161tite zdravlja.<\/p>\n<p>Uprava \u0107e u skladu sa svojom politikom sigurnosti stalno cijeniti stanja nesukladnosti koja pove\u0107avaju rizik i pobolj\u0161avati ih kroz sustav upravljanja, sredstva i tehnologije rada i pona\u0161anja radnika.<\/p>\n<p>Ova politika \u0107e biti povremeno preispitana i uskla\u0111ena sa zahtjevima poslovne politike, politike kvalitete i politike za\u0161tite okoli\u0161a.<\/p>\n<p>&nbsp;<\/p>\n<p>\u0160ibenik, 07\/06\/2023<\/p>\n<p>\u00a0\u00a0\u00a0\u00a0\u00a0\u00a0\u00a0\u00a0\u00a0\u00a0\u00a0\u00a0\u00a0\u00a0\u00a0\u00a0\u00a0\u00a0\u00a0\u00a0\u00a0\u00a0\u00a0\u00a0\u00a0\u00a0\u00a0\u00a0\u00a0\u00a0\u00a0\u00a0\u00a0\u00a0\u00a0\u00a0\u00a0\u00a0\u00a0\u00a0\u00a0\u00a0\u00a0\u00a0\u00a0\u00a0\u00a0\u00a0\u00a0\u00a0\u00a0\u00a0\u00a0\u00a0\u00a0\u00a0\u00a0\u00a0\u00a0\u00a0\u00a0\u00a0\u00a0\u00a0\u00a0\u00a0\u00a0\u00a0\u00a0\u00a0\u00a0\u00a0\u00a0\u00a0\u00a0\u00a0\u00a0\u00a0\u00a0\u00a0\u00a0\u00a0\u00a0\u00a0\u00a0\u00a0\u00a0\u00a0\u00a0\u00a0\u00a0\u00a0\u00a0\u00a0\u00a0 Direktor\u00a0 Teo Petri\u010devi\u0107<\/p>","protected":false},"excerpt":{"rendered":"<p>HEALTH PROTECTION AND SAFETY POLICY CAPAX d.o.o. Focusing on the needs of the customer and the customer\u2019s satisfaction with the service provided are the most important values by which Capax d.o.o. measures and determines its overall success. The management emphasizes that the successful realization of safety and health protection on vessels and in workshops is [&hellip;]<\/p>","protected":false},"author":5,"featured_media":0,"parent":0,"menu_order":0,"comment_status":"closed","ping_status":"open","template":"","meta":{"footnotes":""},"class_list":["post-1451","page","type-page","status-publish","hentry"],"acf":[],"_links":{"self":[{"href":"https:\/\/www.capax.hr\/hr\/wp-json\/wp\/v2\/pages\/1451","targetHints":{"allow":["GET"]}}],"collection":[{"href":"https:\/\/www.capax.hr\/hr\/wp-json\/wp\/v2\/pages"}],"about":[{"href":"https:\/\/www.capax.hr\/hr\/wp-json\/wp\/v2\/types\/page"}],"author":[{"embeddable":true,"href":"https:\/\/www.capax.hr\/hr\/wp-json\/wp\/v2\/users\/5"}],"replies":[{"embeddable":true,"href":"https:\/\/www.capax.hr\/hr\/wp-json\/wp\/v2\/comments?post=1451"}],"version-history":[{"count":6,"href":"https:\/\/www.capax.hr\/hr\/wp-json\/wp\/v2\/pages\/1451\/revisions"}],"predecessor-version":[{"id":1678,"href":"https:\/\/www.capax.hr\/hr\/wp-json\/wp\/v2\/pages\/1451\/revisions\/1678"}],"wp:attachment":[{"href":"https:\/\/www.capax.hr\/hr\/wp-json\/wp\/v2\/media?parent=1451"}],"curies":[{"name":"wp","href":"https:\/\/api.w.org\/{rel}","templated":true}]}}